{"id":104,"date":"2023-06-20T17:00:12","date_gmt":"2023-06-20T17:00:12","guid":{"rendered":"https:\/\/lditlimited.com\/?page_id=104"},"modified":"2023-06-23T05:26:07","modified_gmt":"2023-06-23T05:26:07","slug":"about-us","status":"publish","type":"page","link":"https:\/\/lditlimited.com\/es\/sobre-nosotros-2\/","title":{"rendered":"Acerca de"},"content":{"rendered":"<div data-elementor-type=\"wp-page\" data-elementor-id=\"104\" class=\"elementor elementor-104\" data-elementor-post-type=\"page\">\n\t\t\t\t\t\t<section class=\"elementor-section elementor-top-section elementor-element elementor-element-4978d2c2 elementor-section-boxed elementor-section-height-default elementor-section-height-default\" data-id=\"4978d2c2\" data-element_type=\"section\" data-e-type=\"section\" data-settings=\"{&quot;background_background&quot;:&quot;classic&quot;}\">\n\t\t\t\t\t\t\t<div class=\"elementor-background-overlay\"><\/div>\n\t\t\t\t\t\t\t<div class=\"elementor-container elementor-column-gap-default\">\n\t\t\t\t\t<div class=\"elementor-column elementor-col-100 elementor-top-column elementor-element elementor-element-555939e7\" data-id=\"555939e7\" data-element_type=\"column\" data-e-type=\"column\">\n\t\t\t<div class=\"elementor-widget-wrap elementor-element-populated\">\n\t\t\t\t\t\t<section class=\"elementor-section elementor-inner-section elementor-element elementor-element-340f0d5d elementor-section-boxed elementor-section-height-default elementor-section-height-default\" data-id=\"340f0d5d\" data-element_type=\"section\" data-e-type=\"section\">\n\t\t\t\t\t\t<div class=\"elementor-container elementor-column-gap-default\">\n\t\t\t\t\t<div class=\"elementor-column elementor-col-100 elementor-inner-column elementor-element elementor-element-78e540e0\" data-id=\"78e540e0\" data-element_type=\"column\" data-e-type=\"column\">\n\t\t\t<div class=\"elementor-widget-wrap elementor-element-populated\">\n\t\t\t\t\t\t<div class=\"elementor-element elementor-element-3f3a99ff elementor-invisible elementor-widget elementor-widget-heading\" data-id=\"3f3a99ff\" data-element_type=\"widget\" data-e-type=\"widget\" data-settings=\"{&quot;_animation&quot;:&quot;fadeInRight&quot;}\" data-widget_type=\"heading.default\">\n\t\t\t\t<div class=\"elementor-widget-container\">\n\t\t\t\t\t<h1 class=\"elementor-heading-title elementor-size-default\">Acerca de<\/h1>\t\t\t\t<\/div>\n\t\t\t\t<\/div>\n\t\t\t\t\t<\/div>\n\t\t<\/div>\n\t\t\t\t\t<\/div>\n\t\t<\/section>\n\t\t\t\t\t<\/div>\n\t\t<\/div>\n\t\t\t\t\t<\/div>\n\t\t<\/section>\n\t\t\t\t<section class=\"elementor-section elementor-top-section elementor-element elementor-element-4fb1d1b elementor-section-content-middle elementor-section-boxed elementor-section-height-default elementor-section-height-default\" data-id=\"4fb1d1b\" data-element_type=\"section\" data-e-type=\"section\" data-settings=\"{&quot;background_background&quot;:&quot;classic&quot;}\">\n\t\t\t\t\t\t\t<div class=\"elementor-background-overlay\"><\/div>\n\t\t\t\t\t\t\t<div class=\"elementor-container elementor-column-gap-no\">\n\t\t\t\t\t<div class=\"elementor-column elementor-col-50 elementor-top-column elementor-element elementor-element-93aa481\" data-id=\"93aa481\" data-element_type=\"column\" data-e-type=\"column\">\n\t\t\t<div class=\"elementor-widget-wrap elementor-element-populated\">\n\t\t\t\t\t\t<div class=\"elementor-element elementor-element-9f5cbc8 elementor-absolute elementor-widget elementor-widget-image\" data-id=\"9f5cbc8\" data-element_type=\"widget\" data-e-type=\"widget\" data-settings=\"{&quot;_position&quot;:&quot;absolute&quot;}\" data-widget_type=\"image.default\">\n\t\t\t\t<div class=\"elementor-widget-container\">\n\t\t\t\t\t\t\t\t\t\t\t\t\t\t\t<img fetchpriority=\"high\" decoding=\"async\" width=\"600\" height=\"598\" src=\"http:\/\/lditlimited.com\/wp-content\/uploads\/2023\/06\/380769766-02-8.png\" class=\"attachment-full size-full wp-image-23\" alt=\"\" srcset=\"http:\/\/lditlimited.com\/wp-content\/uploads\/2023\/06\/380769766-02-8.png 600w, http:\/\/lditlimited.com\/wp-content\/uploads\/2023\/06\/380769766-02-8-300x300.png 300w, http:\/\/lditlimited.com\/wp-content\/uploads\/2023\/06\/380769766-02-8-150x150.png 150w, http:\/\/lditlimited.com\/wp-content\/uploads\/2023\/06\/380769766-02-8-12x12.png 12w\" sizes=\"(max-width: 600px) 100vw, 600px\" \/>\t\t\t\t\t\t\t\t\t\t\t\t\t\t\t<\/div>\n\t\t\t\t<\/div>\n\t\t\t\t<div class=\"elementor-element elementor-element-8c6a050 elementor-widget elementor-widget-image\" data-id=\"8c6a050\" data-element_type=\"widget\" data-e-type=\"widget\" data-settings=\"{&quot;_animation&quot;:&quot;none&quot;}\" data-widget_type=\"image.default\">\n\t\t\t\t<div class=\"elementor-widget-container\">\n\t\t\t\t\t\t\t\t\t\t\t\t\t\t\t<img decoding=\"async\" width=\"1000\" height=\"667\" src=\"http:\/\/lditlimited.com\/wp-content\/uploads\/2023\/06\/shutterstock_1907327431.jpg\" class=\"attachment-full size-full wp-image-329\" alt=\"\" srcset=\"http:\/\/lditlimited.com\/wp-content\/uploads\/2023\/06\/shutterstock_1907327431.jpg 1000w, http:\/\/lditlimited.com\/wp-content\/uploads\/2023\/06\/shutterstock_1907327431-300x200.jpg 300w, http:\/\/lditlimited.com\/wp-content\/uploads\/2023\/06\/shutterstock_1907327431-768x512.jpg 768w, http:\/\/lditlimited.com\/wp-content\/uploads\/2023\/06\/shutterstock_1907327431-18x12.jpg 18w\" sizes=\"(max-width: 1000px) 100vw, 1000px\" \/>\t\t\t\t\t\t\t\t\t\t\t\t\t\t\t<\/div>\n\t\t\t\t<\/div>\n\t\t\t\t\t<\/div>\n\t\t<\/div>\n\t\t\t\t<div class=\"elementor-column elementor-col-50 elementor-top-column elementor-element elementor-element-c792c3a\" data-id=\"c792c3a\" data-element_type=\"column\" data-e-type=\"column\">\n\t\t\t<div class=\"elementor-widget-wrap elementor-element-populated\">\n\t\t\t\t\t\t<div class=\"elementor-element elementor-element-5347663 elementor-invisible elementor-widget elementor-widget-heading\" data-id=\"5347663\" data-element_type=\"widget\" data-e-type=\"widget\" data-settings=\"{&quot;_animation&quot;:&quot;fadeInRight&quot;}\" data-widget_type=\"heading.default\">\n\t\t\t\t<div class=\"elementor-widget-container\">\n\t\t\t\t\t<h2 class=\"elementor-heading-title elementor-size-default\">HK LD <\/h2>\t\t\t\t<\/div>\n\t\t\t\t<\/div>\n\t\t\t\t<div class=\"elementor-element elementor-element-a7e10c6 elementor-widget elementor-widget-text-editor\" data-id=\"a7e10c6\" data-element_type=\"widget\" data-e-type=\"widget\" data-settings=\"{&quot;_animation&quot;:&quot;none&quot;}\" data-widget_type=\"text-editor.default\">\n\t\t\t\t<div class=\"elementor-widget-container\">\n\t\t\t\t\t\t\t\t\t<p>Ponemos Software Empresarial de alta calidad a disposici\u00f3n de todos tus usuarios. Nos enfocamos en ofrecer las aplicaciones y el software de marca blanca m\u00e1s actualizado por el p\u00fablico empresarial. Somos una de las mejores empresas en nuestro rubro y contamos con un programa empresarial que facilita tus ventas de software y aplicaciones m\u00f3viles.<\/p>\t\t\t\t\t\t\t\t<\/div>\n\t\t\t\t<\/div>\n\t\t\t\t\t<\/div>\n\t\t<\/div>\n\t\t\t\t\t<\/div>\n\t\t<\/section>\n\t\t\t\t<section class=\"elementor-section elementor-top-section elementor-element elementor-element-dce28e6 elementor-section-boxed elementor-section-height-default elementor-section-height-default\" data-id=\"dce28e6\" data-element_type=\"section\" data-e-type=\"section\" data-settings=\"{&quot;background_background&quot;:&quot;gradient&quot;}\">\n\t\t\t\t\t\t<div class=\"elementor-container elementor-column-gap-default\">\n\t\t\t\t\t<div class=\"elementor-column elementor-col-100 elementor-top-column elementor-element elementor-element-62633ab\" data-id=\"62633ab\" data-element_type=\"column\" data-e-type=\"column\">\n\t\t\t<div class=\"elementor-widget-wrap elementor-element-populated\">\n\t\t\t\t\t\t<div class=\"elementor-element elementor-element-3615cd1 elementor-absolute elementor-hidden-mobile elementor-widget elementor-widget-image\" data-id=\"3615cd1\" data-element_type=\"widget\" data-e-type=\"widget\" data-settings=\"{&quot;_position&quot;:&quot;absolute&quot;}\" data-widget_type=\"image.default\">\n\t\t\t\t<div class=\"elementor-widget-container\">\n\t\t\t\t\t\t\t\t\t\t\t\t\t\t\t<img decoding=\"async\" width=\"338\" height=\"395\" src=\"http:\/\/lditlimited.com\/wp-content\/uploads\/2023\/06\/b1.png\" class=\"attachment-full size-full wp-image-37\" alt=\"\" srcset=\"http:\/\/lditlimited.com\/wp-content\/uploads\/2023\/06\/b1.png 338w, http:\/\/lditlimited.com\/wp-content\/uploads\/2023\/06\/b1-257x300.png 257w, http:\/\/lditlimited.com\/wp-content\/uploads\/2023\/06\/b1-10x12.png 10w\" sizes=\"(max-width: 338px) 100vw, 338px\" \/>\t\t\t\t\t\t\t\t\t\t\t\t\t\t\t<\/div>\n\t\t\t\t<\/div>\n\t\t\t\t<div class=\"elementor-element elementor-element-b8a303d elementor-absolute elementor-widget elementor-widget-image\" data-id=\"b8a303d\" data-element_type=\"widget\" data-e-type=\"widget\" data-settings=\"{&quot;_position&quot;:&quot;absolute&quot;}\" data-widget_type=\"image.default\">\n\t\t\t\t<div class=\"elementor-widget-container\">\n\t\t\t\t\t\t\t\t\t\t\t\t\t\t\t<img decoding=\"async\" width=\"338\" height=\"395\" src=\"http:\/\/lditlimited.com\/wp-content\/uploads\/2023\/06\/b1.png\" class=\"attachment-full size-full wp-image-37\" alt=\"\" srcset=\"http:\/\/lditlimited.com\/wp-content\/uploads\/2023\/06\/b1.png 338w, http:\/\/lditlimited.com\/wp-content\/uploads\/2023\/06\/b1-257x300.png 257w, http:\/\/lditlimited.com\/wp-content\/uploads\/2023\/06\/b1-10x12.png 10w\" sizes=\"(max-width: 338px) 100vw, 338px\" \/>\t\t\t\t\t\t\t\t\t\t\t\t\t\t\t<\/div>\n\t\t\t\t<\/div>\n\t\t\t\t<section class=\"elementor-section elementor-inner-section elementor-element elementor-element-bfafbe6 elementor-section-boxed elementor-section-height-default elementor-section-height-default\" data-id=\"bfafbe6\" data-element_type=\"section\" data-e-type=\"section\">\n\t\t\t\t\t\t<div class=\"elementor-container elementor-column-gap-default\">\n\t\t\t\t\t<div class=\"elementor-column elementor-col-50 elementor-inner-column elementor-element elementor-element-62c264c\" data-id=\"62c264c\" data-element_type=\"column\" data-e-type=\"column\">\n\t\t\t<div class=\"elementor-widget-wrap elementor-element-populated\">\n\t\t\t\t\t\t<div class=\"elementor-element elementor-element-e9a8546 elementor-invisible elementor-widget elementor-widget-heading\" data-id=\"e9a8546\" data-element_type=\"widget\" data-e-type=\"widget\" data-settings=\"{&quot;_animation&quot;:&quot;fadeInLeft&quot;}\" data-widget_type=\"heading.default\">\n\t\t\t\t<div class=\"elementor-widget-container\">\n\t\t\t\t\t<h2 class=\"elementor-heading-title elementor-size-default\">HK LD<\/h2>\t\t\t\t<\/div>\n\t\t\t\t<\/div>\n\t\t\t\t<div class=\"elementor-element elementor-element-a8704e4 elementor-widget elementor-widget-heading\" data-id=\"a8704e4\" data-element_type=\"widget\" data-e-type=\"widget\" data-widget_type=\"heading.default\">\n\t\t\t\t<div class=\"elementor-widget-container\">\n\t\t\t\t\t<h2 class=\"elementor-heading-title elementor-size-default\">Consid\u00e9renos su mejor opci\u00f3n.\n<\/h2>\t\t\t\t<\/div>\n\t\t\t\t<\/div>\n\t\t\t\t<div class=\"elementor-element elementor-element-6420124 elementor-widget elementor-widget-text-editor\" data-id=\"6420124\" data-element_type=\"widget\" data-e-type=\"widget\" data-widget_type=\"text-editor.default\">\n\t\t\t\t<div class=\"elementor-widget-container\">\n\t\t\t\t\t\t\t\t\t<p>Nos encargamos de preparar todo lo necesario para que empieces a vender software empresarial hoy mismo. Puedes conectar tu sitio web con nuestro programa empresarial para facilitar tus ventas.<\/p>\t\t\t\t\t\t\t\t<\/div>\n\t\t\t\t<\/div>\n\t\t\t\t<div class=\"elementor-element elementor-element-883e248 elementor-mobile-align-center elementor-invisible elementor-widget elementor-widget-button\" data-id=\"883e248\" data-element_type=\"widget\" data-e-type=\"widget\" data-settings=\"{&quot;_animation&quot;:&quot;fadeInLeft&quot;}\" data-widget_type=\"button.default\">\n\t\t\t\t<div class=\"elementor-widget-container\">\n\t\t\t\t\t\t\t\t\t<div class=\"elementor-button-wrapper\">\n\t\t\t\t\t<a class=\"elementor-button elementor-button-link elementor-size-sm\" href=\"https:\/\/lditlimited.com\/es\/contactanos\/\">\n\t\t\t\t\t\t<span class=\"elementor-button-content-wrapper\">\n\t\t\t\t\t\t\t\t\t<span class=\"elementor-button-text\">Contacto <\/span>\n\t\t\t\t\t<\/span>\n\t\t\t\t\t<\/a>\n\t\t\t\t<\/div>\n\t\t\t\t\t\t\t\t<\/div>\n\t\t\t\t<\/div>\n\t\t\t\t\t<\/div>\n\t\t<\/div>\n\t\t\t\t<div class=\"elementor-column elementor-col-50 elementor-inner-column elementor-element elementor-element-4bc64db\" data-id=\"4bc64db\" data-element_type=\"column\" data-e-type=\"column\" data-settings=\"{&quot;background_background&quot;:&quot;classic&quot;}\">\n\t\t\t<div class=\"elementor-widget-wrap elementor-element-populated\">\n\t\t\t\t\t\t<div class=\"elementor-element elementor-element-ed0bd35 elementor-widget elementor-widget-image\" data-id=\"ed0bd35\" data-element_type=\"widget\" data-e-type=\"widget\" data-widget_type=\"image.default\">\n\t\t\t\t<div class=\"elementor-widget-container\">\n\t\t\t\t\t\t\t\t\t\t\t\t\t\t\t<img loading=\"lazy\" decoding=\"async\" width=\"1000\" height=\"667\" src=\"http:\/\/lditlimited.com\/wp-content\/uploads\/2023\/06\/shutterstock_2152034549.jpg\" class=\"attachment-full size-full wp-image-285\" alt=\"\" srcset=\"http:\/\/lditlimited.com\/wp-content\/uploads\/2023\/06\/shutterstock_2152034549.jpg 1000w, http:\/\/lditlimited.com\/wp-content\/uploads\/2023\/06\/shutterstock_2152034549-300x200.jpg 300w, http:\/\/lditlimited.com\/wp-content\/uploads\/2023\/06\/shutterstock_2152034549-768x512.jpg 768w, http:\/\/lditlimited.com\/wp-content\/uploads\/2023\/06\/shutterstock_2152034549-18x12.jpg 18w\" sizes=\"(max-width: 1000px) 100vw, 1000px\" \/>\t\t\t\t\t\t\t\t\t\t\t\t\t\t\t<\/div>\n\t\t\t\t<\/div>\n\t\t\t\t\t<\/div>\n\t\t<\/div>\n\t\t\t\t\t<\/div>\n\t\t<\/section>\n\t\t\t\t\t<\/div>\n\t\t<\/div>\n\t\t\t\t\t<\/div>\n\t\t<\/section>\n\t\t\t\t<section class=\"elementor-section elementor-top-section elementor-element elementor-element-a3340e8 elementor-section-content-middle elementor-section-boxed elementor-section-height-default elementor-section-height-default\" data-id=\"a3340e8\" data-element_type=\"section\" data-e-type=\"section\" data-settings=\"{&quot;background_background&quot;:&quot;classic&quot;}\">\n\t\t\t\t\t\t\t<div class=\"elementor-background-overlay\"><\/div>\n\t\t\t\t\t\t\t<div class=\"elementor-container elementor-column-gap-no\">\n\t\t\t\t\t<div class=\"elementor-column elementor-col-50 elementor-top-column elementor-element elementor-element-7b6b062\" data-id=\"7b6b062\" data-element_type=\"column\" data-e-type=\"column\">\n\t\t\t<div class=\"elementor-widget-wrap elementor-element-populated\">\n\t\t\t\t\t\t<div class=\"elementor-element elementor-element-89dd4aa elementor-absolute elementor-widget elementor-widget-image\" data-id=\"89dd4aa\" data-element_type=\"widget\" data-e-type=\"widget\" data-settings=\"{&quot;_position&quot;:&quot;absolute&quot;}\" data-widget_type=\"image.default\">\n\t\t\t\t<div class=\"elementor-widget-container\">\n\t\t\t\t\t\t\t\t\t\t\t\t\t\t\t<img fetchpriority=\"high\" decoding=\"async\" width=\"600\" height=\"598\" src=\"http:\/\/lditlimited.com\/wp-content\/uploads\/2023\/06\/380769766-02-8.png\" class=\"attachment-full size-full wp-image-23\" alt=\"\" srcset=\"http:\/\/lditlimited.com\/wp-content\/uploads\/2023\/06\/380769766-02-8.png 600w, http:\/\/lditlimited.com\/wp-content\/uploads\/2023\/06\/380769766-02-8-300x300.png 300w, http:\/\/lditlimited.com\/wp-content\/uploads\/2023\/06\/380769766-02-8-150x150.png 150w, http:\/\/lditlimited.com\/wp-content\/uploads\/2023\/06\/380769766-02-8-12x12.png 12w\" sizes=\"(max-width: 600px) 100vw, 600px\" \/>\t\t\t\t\t\t\t\t\t\t\t\t\t\t\t<\/div>\n\t\t\t\t<\/div>\n\t\t\t\t<div class=\"elementor-element elementor-element-c43aaa6 elementor-widget elementor-widget-image\" data-id=\"c43aaa6\" data-element_type=\"widget\" data-e-type=\"widget\" data-settings=\"{&quot;_animation&quot;:&quot;none&quot;}\" data-widget_type=\"image.default\">\n\t\t\t\t<div class=\"elementor-widget-container\">\n\t\t\t\t\t\t\t\t\t\t\t\t\t\t\t<img loading=\"lazy\" decoding=\"async\" width=\"1000\" height=\"563\" src=\"http:\/\/lditlimited.com\/wp-content\/uploads\/2023\/06\/shutterstock_2170751553.jpg\" class=\"attachment-full size-full wp-image-322\" alt=\"\" srcset=\"http:\/\/lditlimited.com\/wp-content\/uploads\/2023\/06\/shutterstock_2170751553.jpg 1000w, http:\/\/lditlimited.com\/wp-content\/uploads\/2023\/06\/shutterstock_2170751553-300x169.jpg 300w, http:\/\/lditlimited.com\/wp-content\/uploads\/2023\/06\/shutterstock_2170751553-768x432.jpg 768w, http:\/\/lditlimited.com\/wp-content\/uploads\/2023\/06\/shutterstock_2170751553-18x10.jpg 18w\" sizes=\"(max-width: 1000px) 100vw, 1000px\" \/>\t\t\t\t\t\t\t\t\t\t\t\t\t\t\t<\/div>\n\t\t\t\t<\/div>\n\t\t\t\t\t<\/div>\n\t\t<\/div>\n\t\t\t\t<div class=\"elementor-column elementor-col-50 elementor-top-column elementor-element elementor-element-a73121d\" data-id=\"a73121d\" data-element_type=\"column\" data-e-type=\"column\">\n\t\t\t<div class=\"elementor-widget-wrap elementor-element-populated\">\n\t\t\t\t\t\t<div class=\"elementor-element elementor-element-c3f1a34 elementor-invisible elementor-widget elementor-widget-heading\" data-id=\"c3f1a34\" data-element_type=\"widget\" data-e-type=\"widget\" data-settings=\"{&quot;_animation&quot;:&quot;fadeInRight&quot;}\" data-widget_type=\"heading.default\">\n\t\t\t\t<div class=\"elementor-widget-container\">\n\t\t\t\t\t<h2 class=\"elementor-heading-title elementor-size-default\">HK LD <\/h2>\t\t\t\t<\/div>\n\t\t\t\t<\/div>\n\t\t\t\t<div class=\"elementor-element elementor-element-61bcd52 elementor-widget elementor-widget-text-editor\" data-id=\"61bcd52\" data-element_type=\"widget\" data-e-type=\"widget\" data-settings=\"{&quot;_animation&quot;:&quot;none&quot;}\" data-widget_type=\"text-editor.default\">\n\t\t\t\t<div class=\"elementor-widget-container\">\n\t\t\t\t\t\t\t\t\t<p>Proveemos todas las herramientas necesarias para que tus usuarios aumenten su eficiencia y hagan crecer sus negocios con el uso de nuestros productos. Nuestra compa\u00f1\u00eda es tu mejor aliado para hacer crecer tu negocio y brindar un servicio de alta calidad a tus usuarios.<\/p>\t\t\t\t\t\t\t\t<\/div>\n\t\t\t\t<\/div>\n\t\t\t\t\t<\/div>\n\t\t<\/div>\n\t\t\t\t\t<\/div>\n\t\t<\/section>\n\t\t\t\t<\/div>","protected":false},"excerpt":{"rendered":"<p>about us HK LD We make high quality Business Software available to all your users and clients. We focus on offering the most up-to-date white label applications and software for the business audience. We are one of the best companies in our field and we have a Business Program that facilitates your software and mobile [&hellip;]<\/p>\n","protected":false},"author":3,"featured_media":0,"parent":0,"menu_order":0,"comment_status":"closed","ping_status":"closed","template":"","meta":{"footnotes":""},"class_list":["post-104","page","type-page","status-publish","hentry"],"_links":{"self":[{"href":"https:\/\/lditlimited.com\/es\/wp-json\/wp\/v2\/pages\/104","targetHints":{"allow":["GET"]}}],"collection":[{"href":"https:\/\/lditlimited.com\/es\/wp-json\/wp\/v2\/pages"}],"about":[{"href":"https:\/\/lditlimited.com\/es\/wp-json\/wp\/v2\/types\/page"}],"author":[{"embeddable":true,"href":"https:\/\/lditlimited.com\/es\/wp-json\/wp\/v2\/users\/3"}],"replies":[{"embeddable":true,"href":"https:\/\/lditlimited.com\/es\/wp-json\/wp\/v2\/comments?post=104"}],"version-history":[{"count":76,"href":"https:\/\/lditlimited.com\/es\/wp-json\/wp\/v2\/pages\/104\/revisions"}],"predecessor-version":[{"id":685,"href":"https:\/\/lditlimited.com\/es\/wp-json\/wp\/v2\/pages\/104\/revisions\/685"}],"wp:attachment":[{"href":"https:\/\/lditlimited.com\/es\/wp-json\/wp\/v2\/media?parent=104"}],"curies":[{"name":"wp","href":"https:\/\/api.w.org\/{rel}","templated":true}]}}