{"id":111,"date":"2023-06-20T17:17:22","date_gmt":"2023-06-20T17:17:22","guid":{"rendered":"https:\/\/lditlimited.com\/?page_id=111"},"modified":"2023-06-23T05:48:22","modified_gmt":"2023-06-23T05:48:22","slug":"services","status":"publish","type":"page","link":"https:\/\/lditlimited.com\/es\/servicios\/","title":{"rendered":"Servicios"},"content":{"rendered":"<div data-elementor-type=\"wp-page\" data-elementor-id=\"111\" class=\"elementor elementor-111\" data-elementor-post-type=\"page\">\n\t\t\t\t\t\t<section class=\"elementor-section elementor-top-section elementor-element elementor-element-5e459022 elementor-section-boxed elementor-section-height-default elementor-section-height-default\" data-id=\"5e459022\" data-element_type=\"section\" data-e-type=\"section\" data-settings=\"{&quot;background_background&quot;:&quot;classic&quot;}\">\n\t\t\t\t\t\t\t<div class=\"elementor-background-overlay\"><\/div>\n\t\t\t\t\t\t\t<div class=\"elementor-container elementor-column-gap-default\">\n\t\t\t\t\t<div class=\"elementor-column elementor-col-100 elementor-top-column elementor-element elementor-element-23c46962\" data-id=\"23c46962\" data-element_type=\"column\" data-e-type=\"column\">\n\t\t\t<div class=\"elementor-widget-wrap elementor-element-populated\">\n\t\t\t\t\t\t<section class=\"elementor-section elementor-inner-section elementor-element elementor-element-eefb898 elementor-section-boxed elementor-section-height-default elementor-section-height-default\" data-id=\"eefb898\" data-element_type=\"section\" data-e-type=\"section\">\n\t\t\t\t\t\t<div class=\"elementor-container elementor-column-gap-default\">\n\t\t\t\t\t<div class=\"elementor-column elementor-col-100 elementor-inner-column elementor-element elementor-element-6405ee6b\" data-id=\"6405ee6b\" data-element_type=\"column\" data-e-type=\"column\">\n\t\t\t<div class=\"elementor-widget-wrap elementor-element-populated\">\n\t\t\t\t\t\t<div class=\"elementor-element elementor-element-47681e1a elementor-widget elementor-widget-heading\" data-id=\"47681e1a\" data-element_type=\"widget\" data-e-type=\"widget\" data-widget_type=\"heading.default\">\n\t\t\t\t<div class=\"elementor-widget-container\">\n\t\t\t\t\t<h1 class=\"elementor-heading-title elementor-size-default\"> Servicios<\/h1>\t\t\t\t<\/div>\n\t\t\t\t<\/div>\n\t\t\t\t\t<\/div>\n\t\t<\/div>\n\t\t\t\t\t<\/div>\n\t\t<\/section>\n\t\t\t\t\t<\/div>\n\t\t<\/div>\n\t\t\t\t\t<\/div>\n\t\t<\/section>\n\t\t\t\t<section class=\"elementor-section elementor-top-section elementor-element elementor-element-3e615b9 elementor-section-content-middle elementor-section-boxed elementor-section-height-default elementor-section-height-default\" data-id=\"3e615b9\" data-element_type=\"section\" data-e-type=\"section\" data-settings=\"{&quot;background_background&quot;:&quot;classic&quot;}\">\n\t\t\t\t\t\t\t<div class=\"elementor-background-overlay\"><\/div>\n\t\t\t\t\t\t\t<div class=\"elementor-container elementor-column-gap-no\">\n\t\t\t\t\t<div class=\"elementor-column elementor-col-50 elementor-top-column elementor-element elementor-element-b5c152e\" data-id=\"b5c152e\" data-element_type=\"column\" data-e-type=\"column\">\n\t\t\t<div class=\"elementor-widget-wrap elementor-element-populated\">\n\t\t\t\t\t\t<div class=\"elementor-element elementor-element-9c0a2a2 elementor-absolute elementor-widget elementor-widget-image\" data-id=\"9c0a2a2\" data-element_type=\"widget\" data-e-type=\"widget\" data-settings=\"{&quot;_position&quot;:&quot;absolute&quot;}\" data-widget_type=\"image.default\">\n\t\t\t\t<div class=\"elementor-widget-container\">\n\t\t\t\t\t\t\t\t\t\t\t\t\t\t\t<img fetchpriority=\"high\" decoding=\"async\" width=\"600\" height=\"598\" src=\"https:\/\/lditlimited.com\/wp-content\/uploads\/2023\/06\/380769766-02-8.png\" class=\"attachment-full size-full wp-image-23\" alt=\"\" srcset=\"https:\/\/lditlimited.com\/wp-content\/uploads\/2023\/06\/380769766-02-8.png 600w, https:\/\/lditlimited.com\/wp-content\/uploads\/2023\/06\/380769766-02-8-300x300.png 300w, https:\/\/lditlimited.com\/wp-content\/uploads\/2023\/06\/380769766-02-8-150x150.png 150w, https:\/\/lditlimited.com\/wp-content\/uploads\/2023\/06\/380769766-02-8-12x12.png 12w\" sizes=\"(max-width: 600px) 100vw, 600px\" \/>\t\t\t\t\t\t\t\t\t\t\t\t\t\t\t<\/div>\n\t\t\t\t<\/div>\n\t\t\t\t<div class=\"elementor-element elementor-element-7ef94ca elementor-widget elementor-widget-image\" data-id=\"7ef94ca\" data-element_type=\"widget\" data-e-type=\"widget\" data-settings=\"{&quot;_animation&quot;:&quot;none&quot;}\" data-widget_type=\"image.default\">\n\t\t\t\t<div class=\"elementor-widget-container\">\n\t\t\t\t\t\t\t\t\t\t\t\t\t\t\t<img decoding=\"async\" width=\"1000\" height=\"750\" src=\"https:\/\/lditlimited.com\/wp-content\/uploads\/2023\/06\/shutterstock_424696078.jpg\" class=\"attachment-full size-full wp-image-375\" alt=\"\" srcset=\"https:\/\/lditlimited.com\/wp-content\/uploads\/2023\/06\/shutterstock_424696078.jpg 1000w, https:\/\/lditlimited.com\/wp-content\/uploads\/2023\/06\/shutterstock_424696078-300x225.jpg 300w, https:\/\/lditlimited.com\/wp-content\/uploads\/2023\/06\/shutterstock_424696078-768x576.jpg 768w, https:\/\/lditlimited.com\/wp-content\/uploads\/2023\/06\/shutterstock_424696078-16x12.jpg 16w\" sizes=\"(max-width: 1000px) 100vw, 1000px\" \/>\t\t\t\t\t\t\t\t\t\t\t\t\t\t\t<\/div>\n\t\t\t\t<\/div>\n\t\t\t\t\t<\/div>\n\t\t<\/div>\n\t\t\t\t<div class=\"elementor-column elementor-col-50 elementor-top-column elementor-element elementor-element-389401b\" data-id=\"389401b\" data-element_type=\"column\" data-e-type=\"column\">\n\t\t\t<div class=\"elementor-widget-wrap elementor-element-populated\">\n\t\t\t\t\t\t<div class=\"elementor-element elementor-element-76e0906 elementor-invisible elementor-widget elementor-widget-heading\" data-id=\"76e0906\" data-element_type=\"widget\" data-e-type=\"widget\" data-settings=\"{&quot;_animation&quot;:&quot;fadeInRight&quot;}\" data-widget_type=\"heading.default\">\n\t\t\t\t<div class=\"elementor-widget-container\">\n\t\t\t\t\t<h2 class=\"elementor-heading-title elementor-size-default\">HK LD <\/h2>\t\t\t\t<\/div>\n\t\t\t\t<\/div>\n\t\t\t\t<div class=\"elementor-element elementor-element-f4ac8fd elementor-widget elementor-widget-heading\" data-id=\"f4ac8fd\" data-element_type=\"widget\" data-e-type=\"widget\" data-widget_type=\"heading.default\">\n\t\t\t\t<div class=\"elementor-widget-container\">\n\t\t\t\t\t<h2 class=\"elementor-heading-title elementor-size-default\">Desarrollo de Software Empresarial \n<\/h2>\t\t\t\t<\/div>\n\t\t\t\t<\/div>\n\t\t\t\t<div class=\"elementor-element elementor-element-7fdbb06 elementor-widget elementor-widget-text-editor\" data-id=\"7fdbb06\" data-element_type=\"widget\" data-e-type=\"widget\" data-settings=\"{&quot;_animation&quot;:&quot;none&quot;}\" data-widget_type=\"text-editor.default\">\n\t\t\t\t<div class=\"elementor-widget-container\">\n\t\t\t\t\t\t\t\t\t<p>El mundo empresarial requiere de innovaci\u00f3n, eficiencia y flexibilidad. Brindamos las soluciones de software para que tus usuarios lleven sus proyectos al siguiente nivel. <\/p><p>Nuestro servicio de Desarrollo Software Empresarial presenta m\u00faltiples ventajas para tus usuarios:<\/p><p>Mejora de la Productividad<br \/>Amigable con el usuario<br \/>Gerencia efectiva de Proyectos<br \/>Innovaci\u00f3n<br \/>Reducci\u00f3n de Costos<\/p>\t\t\t\t\t\t\t\t<\/div>\n\t\t\t\t<\/div>\n\t\t\t\t\t<\/div>\n\t\t<\/div>\n\t\t\t\t\t<\/div>\n\t\t<\/section>\n\t\t\t\t<section class=\"elementor-section elementor-top-section elementor-element elementor-element-bbc783c elementor-section-boxed elementor-section-height-default elementor-section-height-default\" data-id=\"bbc783c\" data-element_type=\"section\" data-e-type=\"section\" data-settings=\"{&quot;background_background&quot;:&quot;gradient&quot;}\">\n\t\t\t\t\t\t<div class=\"elementor-container elementor-column-gap-default\">\n\t\t\t\t\t<div class=\"elementor-column elementor-col-100 elementor-top-column elementor-element elementor-element-040bdb3\" data-id=\"040bdb3\" data-element_type=\"column\" data-e-type=\"column\">\n\t\t\t<div class=\"elementor-widget-wrap elementor-element-populated\">\n\t\t\t\t\t\t<div class=\"elementor-element elementor-element-2857712 elementor-absolute elementor-hidden-mobile elementor-widget elementor-widget-image\" data-id=\"2857712\" data-element_type=\"widget\" data-e-type=\"widget\" data-settings=\"{&quot;_position&quot;:&quot;absolute&quot;}\" data-widget_type=\"image.default\">\n\t\t\t\t<div class=\"elementor-widget-container\">\n\t\t\t\t\t\t\t\t\t\t\t\t\t\t\t<img decoding=\"async\" width=\"338\" height=\"395\" src=\"https:\/\/lditlimited.com\/wp-content\/uploads\/2023\/06\/b1.png\" class=\"attachment-full size-full wp-image-37\" alt=\"\" srcset=\"https:\/\/lditlimited.com\/wp-content\/uploads\/2023\/06\/b1.png 338w, https:\/\/lditlimited.com\/wp-content\/uploads\/2023\/06\/b1-257x300.png 257w, https:\/\/lditlimited.com\/wp-content\/uploads\/2023\/06\/b1-10x12.png 10w\" sizes=\"(max-width: 338px) 100vw, 338px\" \/>\t\t\t\t\t\t\t\t\t\t\t\t\t\t\t<\/div>\n\t\t\t\t<\/div>\n\t\t\t\t<div class=\"elementor-element elementor-element-13d6b67 elementor-absolute elementor-widget elementor-widget-image\" data-id=\"13d6b67\" data-element_type=\"widget\" data-e-type=\"widget\" data-settings=\"{&quot;_position&quot;:&quot;absolute&quot;}\" data-widget_type=\"image.default\">\n\t\t\t\t<div class=\"elementor-widget-container\">\n\t\t\t\t\t\t\t\t\t\t\t\t\t\t\t<img decoding=\"async\" width=\"338\" height=\"395\" src=\"https:\/\/lditlimited.com\/wp-content\/uploads\/2023\/06\/b1.png\" class=\"attachment-full size-full wp-image-37\" alt=\"\" srcset=\"https:\/\/lditlimited.com\/wp-content\/uploads\/2023\/06\/b1.png 338w, https:\/\/lditlimited.com\/wp-content\/uploads\/2023\/06\/b1-257x300.png 257w, https:\/\/lditlimited.com\/wp-content\/uploads\/2023\/06\/b1-10x12.png 10w\" sizes=\"(max-width: 338px) 100vw, 338px\" \/>\t\t\t\t\t\t\t\t\t\t\t\t\t\t\t<\/div>\n\t\t\t\t<\/div>\n\t\t\t\t<section class=\"elementor-section elementor-inner-section elementor-element elementor-element-a90d552 elementor-section-boxed elementor-section-height-default elementor-section-height-default\" data-id=\"a90d552\" data-element_type=\"section\" data-e-type=\"section\">\n\t\t\t\t\t\t<div class=\"elementor-container elementor-column-gap-default\">\n\t\t\t\t\t<div class=\"elementor-column elementor-col-50 elementor-inner-column elementor-element elementor-element-ab11d62\" data-id=\"ab11d62\" data-element_type=\"column\" data-e-type=\"column\">\n\t\t\t<div class=\"elementor-widget-wrap elementor-element-populated\">\n\t\t\t\t\t\t<div class=\"elementor-element elementor-element-f7a797e elementor-invisible elementor-widget elementor-widget-heading\" data-id=\"f7a797e\" data-element_type=\"widget\" data-e-type=\"widget\" data-settings=\"{&quot;_animation&quot;:&quot;fadeInLeft&quot;}\" data-widget_type=\"heading.default\">\n\t\t\t\t<div class=\"elementor-widget-container\">\n\t\t\t\t\t<h2 class=\"elementor-heading-title elementor-size-default\">HK LD<\/h2>\t\t\t\t<\/div>\n\t\t\t\t<\/div>\n\t\t\t\t<div class=\"elementor-element elementor-element-c93bcb2 elementor-widget elementor-widget-heading\" data-id=\"c93bcb2\" data-element_type=\"widget\" data-e-type=\"widget\" data-widget_type=\"heading.default\">\n\t\t\t\t<div class=\"elementor-widget-container\">\n\t\t\t\t\t<h2 class=\"elementor-heading-title elementor-size-default\">Desarrollo de Aplicaciones Web\n<\/h2>\t\t\t\t<\/div>\n\t\t\t\t<\/div>\n\t\t\t\t<div class=\"elementor-element elementor-element-7449a49 elementor-widget elementor-widget-text-editor\" data-id=\"7449a49\" data-element_type=\"widget\" data-e-type=\"widget\" data-widget_type=\"text-editor.default\">\n\t\t\t\t<div class=\"elementor-widget-container\">\n\t\t\t\t\t\t\t\t\t<p>Nuestros servicios de Desarrollo de Aplicaciones Web son din\u00e1micos y eficientes. Proveemos todo lo que tus usuarios necesitan de una manera sencilla y con la m\u00e1s alta calidad.<\/p><p>No tienes que preocuparte por codificar, nosotros lo hacemos para que puedas ofrecer el mejor producto a tus usuarios con nuestro apoyo.<\/p>\t\t\t\t\t\t\t\t<\/div>\n\t\t\t\t<\/div>\n\t\t\t\t<div class=\"elementor-element elementor-element-f87ec08 elementor-mobile-align-center elementor-invisible elementor-widget elementor-widget-button\" data-id=\"f87ec08\" data-element_type=\"widget\" data-e-type=\"widget\" data-settings=\"{&quot;_animation&quot;:&quot;fadeInLeft&quot;}\" data-widget_type=\"button.default\">\n\t\t\t\t<div class=\"elementor-widget-container\">\n\t\t\t\t\t\t\t\t\t<div class=\"elementor-button-wrapper\">\n\t\t\t\t\t<a class=\"elementor-button elementor-button-link elementor-size-sm\" href=\"https:\/\/lditlimited.com\/es\/contactanos\/\">\n\t\t\t\t\t\t<span class=\"elementor-button-content-wrapper\">\n\t\t\t\t\t\t\t\t\t<span class=\"elementor-button-text\">Contacto <\/span>\n\t\t\t\t\t<\/span>\n\t\t\t\t\t<\/a>\n\t\t\t\t<\/div>\n\t\t\t\t\t\t\t\t<\/div>\n\t\t\t\t<\/div>\n\t\t\t\t\t<\/div>\n\t\t<\/div>\n\t\t\t\t<div class=\"elementor-column elementor-col-50 elementor-inner-column elementor-element elementor-element-829de21\" data-id=\"829de21\" data-element_type=\"column\" data-e-type=\"column\" data-settings=\"{&quot;background_background&quot;:&quot;classic&quot;}\">\n\t\t\t<div class=\"elementor-widget-wrap elementor-element-populated\">\n\t\t\t\t\t\t<div class=\"elementor-element elementor-element-af7e63a elementor-widget elementor-widget-image\" data-id=\"af7e63a\" data-element_type=\"widget\" data-e-type=\"widget\" data-widget_type=\"image.default\">\n\t\t\t\t<div class=\"elementor-widget-container\">\n\t\t\t\t\t\t\t\t\t\t\t\t\t\t\t<img loading=\"lazy\" decoding=\"async\" width=\"1000\" height=\"609\" src=\"https:\/\/lditlimited.com\/wp-content\/uploads\/2023\/06\/shutterstock_1798672492.jpg\" class=\"attachment-full size-full wp-image-376\" alt=\"\" srcset=\"https:\/\/lditlimited.com\/wp-content\/uploads\/2023\/06\/shutterstock_1798672492.jpg 1000w, https:\/\/lditlimited.com\/wp-content\/uploads\/2023\/06\/shutterstock_1798672492-300x183.jpg 300w, https:\/\/lditlimited.com\/wp-content\/uploads\/2023\/06\/shutterstock_1798672492-768x468.jpg 768w, https:\/\/lditlimited.com\/wp-content\/uploads\/2023\/06\/shutterstock_1798672492-18x12.jpg 18w\" sizes=\"(max-width: 1000px) 100vw, 1000px\" \/>\t\t\t\t\t\t\t\t\t\t\t\t\t\t\t<\/div>\n\t\t\t\t<\/div>\n\t\t\t\t\t<\/div>\n\t\t<\/div>\n\t\t\t\t\t<\/div>\n\t\t<\/section>\n\t\t\t\t\t<\/div>\n\t\t<\/div>\n\t\t\t\t\t<\/div>\n\t\t<\/section>\n\t\t\t\t<section class=\"elementor-section elementor-top-section elementor-element elementor-element-ac7f78c elementor-section-boxed elementor-section-height-default elementor-section-height-default\" data-id=\"ac7f78c\" data-element_type=\"section\" data-e-type=\"section\">\n\t\t\t\t\t\t<div class=\"elementor-container elementor-column-gap-default\">\n\t\t\t\t\t<div class=\"elementor-column elementor-col-100 elementor-top-column elementor-element elementor-element-9095b7c\" data-id=\"9095b7c\" data-element_type=\"column\" data-e-type=\"column\">\n\t\t\t<div class=\"elementor-widget-wrap elementor-element-populated\">\n\t\t\t\t\t\t<div class=\"elementor-element elementor-element-9ab51c0 elementor-widget elementor-widget-elementskit-accordion\" data-id=\"9ab51c0\" data-element_type=\"widget\" data-e-type=\"widget\" data-settings=\"{&quot;_animation&quot;:&quot;none&quot;}\" data-widget_type=\"elementskit-accordion.default\">\n\t\t\t\t<div class=\"elementor-widget-container\">\n\t\t\t\t\t<div class=\"ekit-wid-con\" >\n        <div class=\"elementskit-accordion accoedion-primary\" id=\"accordion-69f889d208321\">\n\n            \n                <div class=\"elementskit-card active\">\n                    <div class=\"elementskit-card-header\" id=\"primaryHeading-0-9ab51c0\">\n                        <a href=\"#collapse-9c1695f69f889d208321\" class=\"ekit-accordion--toggler elementskit-btn-link collapsed\" data-ekit-toggle=\"collapse\" data-target=\"#Collapse-9c1695f69f889d208321\" aria-expanded=\"true\" aria-controls=\"Collapse-9c1695f69f889d208321\">\n                            \n                            <span class=\"ekit-accordion-title\">Desarrollo de aplicaciones m\u00f3viles<\/span>\n\n                            \n                                <div class=\"ekit_accordion_icon_group\">\n                                    <div class=\"ekit_accordion_normal_icon\">\n                                        <!-- Normal Icon -->\n\t\t\t\t\t\t\t\t\t\t<i class=\"fas fa-plus\"><\/i>                                    <\/div>\n\n                                    <div class=\"ekit_accordion_active_icon\">\n                                        <!-- Active Icon -->\n\t\t\t\t\t\t\t\t\t\t<i class=\"fas fa-minus\"><\/i>                                    <\/div>\n                                <\/div>\n\n                            \n                                                    <\/a>\n                    <\/div>\n\n                    <div id=\"Collapse-9c1695f69f889d208321\" class=\"show collapse\" aria-labelledby=\"primaryHeading-0-9ab51c0\" data-parent=\"#accordion-69f889d208321\">\n\n                        <div class=\"elementskit-card-body ekit-accordion--content\">\n                            <p>Las aplicaciones m\u00f3viles son esenciales para que todo tipo de empresas maximicen su potencial. Sus usuarios y clientes mejorar\u00e1n la relaci\u00f3n con sus propios clientes gracias a nuestros servicios. Nuestro desarrollo de aplicaciones m\u00f3viles se centra en:<\/p><p>Experiencia del usuario<br \/>Flexibilidad<br \/>Seguridad<br \/>Conformidad<br \/>Cobertura multiplataforma<\/p>                        <\/div>\n\n                    <\/div>\n\n                <\/div><!-- .elementskit-card END -->\n\n                \n                <div class=\"elementskit-card\">\n                    <div class=\"elementskit-card-header\" id=\"primaryHeading-1-9ab51c0\">\n                        <a href=\"#collapse-ad5d0f969f889d208321\" class=\"ekit-accordion--toggler elementskit-btn-link collapsed\" data-ekit-toggle=\"collapse\" data-target=\"#Collapse-ad5d0f969f889d208321\" aria-expanded=\"false\" aria-controls=\"Collapse-ad5d0f969f889d208321\">\n                            \n                            <span class=\"ekit-accordion-title\">Servicios IT <\/span>\n\n                            \n                                <div class=\"ekit_accordion_icon_group\">\n                                    <div class=\"ekit_accordion_normal_icon\">\n                                        <!-- Normal Icon -->\n\t\t\t\t\t\t\t\t\t\t<i class=\"fas fa-plus\"><\/i>                                    <\/div>\n\n                                    <div class=\"ekit_accordion_active_icon\">\n                                        <!-- Active Icon -->\n\t\t\t\t\t\t\t\t\t\t<i class=\"fas fa-minus\"><\/i>                                    <\/div>\n                                <\/div>\n\n                            \n                                                    <\/a>\n                    <\/div>\n\n                    <div id=\"Collapse-ad5d0f969f889d208321\" class=\"collapse\" aria-labelledby=\"primaryHeading-1-9ab51c0\" data-parent=\"#accordion-69f889d208321\">\n\n                        <div class=\"elementskit-card-body ekit-accordion--content\">\n                            <p>Nuestros servicios destacan por la innovaci\u00f3n y la seguridad que proporcionan a los usuarios. Ofrecemos soluciones inform\u00e1ticas para tus usuarios, acompa\u00f1adas de alta flexibilidad, agilidad y facilidad de ejecuci\u00f3n<\/p>                        <\/div>\n\n                    <\/div>\n\n                <\/div><!-- .elementskit-card END -->\n\n                \n                <div class=\"elementskit-card\">\n                    <div class=\"elementskit-card-header\" id=\"primaryHeading-2-9ab51c0\">\n                        <a href=\"#collapse-902945469f889d208321\" class=\"ekit-accordion--toggler elementskit-btn-link collapsed\" data-ekit-toggle=\"collapse\" data-target=\"#Collapse-902945469f889d208321\" aria-expanded=\"false\" aria-controls=\"Collapse-902945469f889d208321\">\n                            \n                            <span class=\"ekit-accordion-title\">Ciberseguridad<\/span>\n\n                            \n                                <div class=\"ekit_accordion_icon_group\">\n                                    <div class=\"ekit_accordion_normal_icon\">\n                                        <!-- Normal Icon -->\n\t\t\t\t\t\t\t\t\t\t<i class=\"fas fa-plus\"><\/i>                                    <\/div>\n\n                                    <div class=\"ekit_accordion_active_icon\">\n                                        <!-- Active Icon -->\n\t\t\t\t\t\t\t\t\t\t<i class=\"fas fa-minus\"><\/i>                                    <\/div>\n                                <\/div>\n\n                            \n                                                    <\/a>\n                    <\/div>\n\n                    <div id=\"Collapse-902945469f889d208321\" class=\"collapse\" aria-labelledby=\"primaryHeading-2-9ab51c0\" data-parent=\"#accordion-69f889d208321\">\n\n                        <div class=\"elementskit-card-body ekit-accordion--content\">\n                            <p>Nos encargamos de proporcionar protecci\u00f3n completa de datos sin afectar la productividad ni el rendimiento de tus usuarios. Contamos con un amplio cat\u00e1logo de productos enfocados en la ciberseguridad de tus usuarios. No necesitas ser un experto en seguridad para ofrecer estos productos, nosotros te ofrecemos soluciones sencillas y eficientes. Cont\u00e1ctanos para empezar a ofrecer estos productos.<\/p>                        <\/div>\n\n                    <\/div>\n\n                <\/div><!-- .elementskit-card END -->\n\n                \n                <div class=\"elementskit-card\">\n                    <div class=\"elementskit-card-header\" id=\"primaryHeading-3-9ab51c0\">\n                        <a href=\"#collapse-abca82769f889d208321\" class=\"ekit-accordion--toggler elementskit-btn-link collapsed\" data-ekit-toggle=\"collapse\" data-target=\"#Collapse-abca82769f889d208321\" aria-expanded=\"false\" aria-controls=\"Collapse-abca82769f889d208321\">\n                            \n                            <span class=\"ekit-accordion-title\">Consultor\u00eda Tecnol\u00f3gica <\/span>\n\n                            \n                                <div class=\"ekit_accordion_icon_group\">\n                                    <div class=\"ekit_accordion_normal_icon\">\n                                        <!-- Normal Icon -->\n\t\t\t\t\t\t\t\t\t\t<i class=\"fas fa-plus\"><\/i>                                    <\/div>\n\n                                    <div class=\"ekit_accordion_active_icon\">\n                                        <!-- Active Icon -->\n\t\t\t\t\t\t\t\t\t\t<i class=\"fas fa-minus\"><\/i>                                    <\/div>\n                                <\/div>\n\n                            \n                                                    <\/a>\n                    <\/div>\n\n                    <div id=\"Collapse-abca82769f889d208321\" class=\"collapse\" aria-labelledby=\"primaryHeading-3-9ab51c0\" data-parent=\"#accordion-69f889d208321\">\n\n                        <div class=\"elementskit-card-body ekit-accordion--content\">\n                            <p>Te brindamos todas las herramientas necesarias para que puedas realizar un estudio de las necesidades de tus usuarios y ofrecer el producto que mejor se adapte a sus objetivos tecnol\u00f3gicas<\/p><p>Ayuda a que tus usuarios mejoren su eficiencia al brindarles los paquetes tecnol\u00f3gicos m\u00e1s personalizados.<\/p>                        <\/div>\n\n                    <\/div>\n\n                <\/div><!-- .elementskit-card END -->\n\n                                        <\/div>\n    <\/div>\t\t\t\t<\/div>\n\t\t\t\t<\/div>\n\t\t\t\t\t<\/div>\n\t\t<\/div>\n\t\t\t\t\t<\/div>\n\t\t<\/section>\n\t\t\t\t<\/div>","protected":false},"excerpt":{"rendered":"<p>Services HK LD Business Software Development The business world requires innovation, efficiency, and flexibility. We provide software solutions for your users to take their projects and businesses to the next level. Our Business Software Development Service provides multiple advantages for your users: Productivity ImprovementUser FriendlyEffective Project ManagementInnovationCost Reduction HK LD Web Application Development Our Web [&hellip;]<\/p>\n","protected":false},"author":3,"featured_media":0,"parent":0,"menu_order":0,"comment_status":"closed","ping_status":"closed","template":"","meta":{"footnotes":""},"class_list":["post-111","page","type-page","status-publish","hentry"],"_links":{"self":[{"href":"https:\/\/lditlimited.com\/es\/wp-json\/wp\/v2\/pages\/111","targetHints":{"allow":["GET"]}}],"collection":[{"href":"https:\/\/lditlimited.com\/es\/wp-json\/wp\/v2\/pages"}],"about":[{"href":"https:\/\/lditlimited.com\/es\/wp-json\/wp\/v2\/types\/page"}],"author":[{"embeddable":true,"href":"https:\/\/lditlimited.com\/es\/wp-json\/wp\/v2\/users\/3"}],"replies":[{"embeddable":true,"href":"https:\/\/lditlimited.com\/es\/wp-json\/wp\/v2\/comments?post=111"}],"version-history":[{"count":58,"href":"https:\/\/lditlimited.com\/es\/wp-json\/wp\/v2\/pages\/111\/revisions"}],"predecessor-version":[{"id":717,"href":"https:\/\/lditlimited.com\/es\/wp-json\/wp\/v2\/pages\/111\/revisions\/717"}],"wp:attachment":[{"href":"https:\/\/lditlimited.com\/es\/wp-json\/wp\/v2\/media?parent=111"}],"curies":[{"name":"wp","href":"https:\/\/api.w.org\/{rel}","templated":true}]}}