{"id":3,"date":"2023-06-01T22:08:56","date_gmt":"2023-06-01T22:08:56","guid":{"rendered":"https:\/\/lditlimited.com\/?page_id=3"},"modified":"2023-06-30T17:52:44","modified_gmt":"2023-06-30T17:52:44","slug":"privacy-policy","status":"publish","type":"page","link":"https:\/\/lditlimited.com\/es\/politica-de-privacidad-2\/","title":{"rendered":"Pol\u00edticas de Privacidad"},"content":{"rendered":"<div data-elementor-type=\"wp-page\" data-elementor-id=\"3\" class=\"elementor elementor-3\" data-elementor-post-type=\"page\">\n\t\t\t\t\t\t<section class=\"elementor-section elementor-top-section elementor-element elementor-element-b2e3e6c elementor-section-boxed elementor-section-height-default elementor-section-height-default\" data-id=\"b2e3e6c\" data-element_type=\"section\" data-e-type=\"section\" data-settings=\"{&quot;background_background&quot;:&quot;classic&quot;}\">\n\t\t\t\t\t\t\t<div class=\"elementor-background-overlay\"><\/div>\n\t\t\t\t\t\t\t<div class=\"elementor-container elementor-column-gap-default\">\n\t\t\t\t\t<div class=\"elementor-column elementor-col-100 elementor-top-column elementor-element elementor-element-ddf144a\" data-id=\"ddf144a\" data-element_type=\"column\" data-e-type=\"column\">\n\t\t\t<div class=\"elementor-widget-wrap elementor-element-populated\">\n\t\t\t\t\t\t<section class=\"elementor-section elementor-inner-section elementor-element elementor-element-a244039 elementor-section-boxed elementor-section-height-default elementor-section-height-default\" data-id=\"a244039\" data-element_type=\"section\" data-e-type=\"section\">\n\t\t\t\t\t\t<div class=\"elementor-container elementor-column-gap-default\">\n\t\t\t\t\t<div class=\"elementor-column elementor-col-100 elementor-inner-column elementor-element elementor-element-9605a7d\" data-id=\"9605a7d\" data-element_type=\"column\" data-e-type=\"column\">\n\t\t\t<div class=\"elementor-widget-wrap elementor-element-populated\">\n\t\t\t\t\t\t<div class=\"elementor-element elementor-element-518fd0c elementor-invisible elementor-widget elementor-widget-heading\" data-id=\"518fd0c\" data-element_type=\"widget\" data-e-type=\"widget\" data-settings=\"{&quot;_animation&quot;:&quot;fadeInRight&quot;}\" data-widget_type=\"heading.default\">\n\t\t\t\t<div class=\"elementor-widget-container\">\n\t\t\t\t\t<h1 class=\"elementor-heading-title elementor-size-default\">Pol\u00edticas de Privacidad<\/h1>\t\t\t\t<\/div>\n\t\t\t\t<\/div>\n\t\t\t\t\t<\/div>\n\t\t<\/div>\n\t\t\t\t\t<\/div>\n\t\t<\/section>\n\t\t\t\t\t<\/div>\n\t\t<\/div>\n\t\t\t\t\t<\/div>\n\t\t<\/section>\n\t\t\t\t<section class=\"elementor-section elementor-top-section elementor-element elementor-element-60eecc5 elementor-section-content-middle elementor-section-boxed elementor-section-height-default elementor-section-height-default\" data-id=\"60eecc5\" data-element_type=\"section\" data-e-type=\"section\" data-settings=\"{&quot;background_background&quot;:&quot;classic&quot;}\">\n\t\t\t\t\t\t\t<div class=\"elementor-background-overlay\"><\/div>\n\t\t\t\t\t\t\t<div class=\"elementor-container elementor-column-gap-no\">\n\t\t\t\t\t<div class=\"elementor-column elementor-col-100 elementor-top-column elementor-element elementor-element-69e38a3\" data-id=\"69e38a3\" data-element_type=\"column\" data-e-type=\"column\">\n\t\t\t<div class=\"elementor-widget-wrap elementor-element-populated\">\n\t\t\t\t\t\t<div class=\"elementor-element elementor-element-cf16fad elementor-invisible elementor-widget elementor-widget-heading\" data-id=\"cf16fad\" data-element_type=\"widget\" data-e-type=\"widget\" data-settings=\"{&quot;_animation&quot;:&quot;fadeInRight&quot;}\" data-widget_type=\"heading.default\">\n\t\t\t\t<div class=\"elementor-widget-container\">\n\t\t\t\t\t<h2 class=\"elementor-heading-title elementor-size-default\">HK LD <\/h2>\t\t\t\t<\/div>\n\t\t\t\t<\/div>\n\t\t\t\t<div class=\"elementor-element elementor-element-18eb9d7 elementor-widget elementor-widget-text-editor\" data-id=\"18eb9d7\" data-element_type=\"widget\" data-e-type=\"widget\" data-settings=\"{&quot;_animation&quot;:&quot;none&quot;}\" data-widget_type=\"text-editor.default\">\n\t\t\t\t<div class=\"elementor-widget-container\">\n\t\t\t\t\t\t\t\t\t<p>Pol\u00edticas de Privacidad<\/p><p>Esta pol\u00edtica describe las pr\u00e1cticas de privacidad de HK LD y sus filiales, afiliados, contratistas, agentes, proveedores de servicios, consultores, socios comerciales, clientes y otros terceros con los que HK LD hace negocios. Esta pol\u00edtica se aplica a toda la informaci\u00f3n recopilada por HK LD o cualquiera de estas entidades. \"Nosotros\" se refiere a HK LD y sus subsidiarias, filiales y sus respectivos funcionarios, directores, empleados, agentes, representantes, sucesores y cesionarios.<\/p><p>Esta pol\u00edtica tiene como objetivo proporcionarte una comprensi\u00f3n sobre c\u00f3mo recopilamos, utilizamos, divulgamos, retenemos, procesamos, protegemos y salvaguardamos tu informaci\u00f3n personal siguiendo las leyes y reglamentos aplicables. Podemos cambiar esta pol\u00edtica de vez en cuando a nuestra discreci\u00f3n. Publicaremos una versi\u00f3n revisada en nuestro sitio web si se producen cambios en esta pol\u00edtica. El uso continuo de nuestros servicios tras la entrada en vigor de dichos cambios constituye la aceptaci\u00f3n de estos.<\/p><p>La informaci\u00f3n que recopilamos<\/p><p>Recogemos informaci\u00f3n personal identificable que puede utilizarse para identificarte cuando visitas nuestros sitios web, aplicaciones m\u00f3viles, p\u00e1ginas de redes sociales o nos env\u00eda un correo electr\u00f3nico. Por ejemplo, podemos solicitar tu nombre, direcci\u00f3n de correo electr\u00f3nico, n\u00famero de tel\u00e9fono, empresa, sitio web, tipo de servicio y mensaje.<\/p><p>\u00bfC\u00f3mo utilizamos esta informaci\u00f3n?<\/p><p>Utilizamos tus datos personales para comunicarnos contigo, responder a tus preguntas, atender tus solicitudes, mejorar nuestros productos y servicios y gestionar nuestra empresa. Tambi\u00e9n utilizamos tu informaci\u00f3n de identificaci\u00f3n personal como se describe a continuaci\u00f3n:<\/p><p>Para prestar los servicios solicitados.<\/p><p>Para realizar investigaciones y an\u00e1lisis sobre nuestros usuarios y mercados.<\/p><p>Para notificar sobre cambios significativos en nuestras pol\u00edticas, t\u00e9rminos, condiciones y procedimientos.<\/p><p>Para ponernos en contacto contigo en caso de ser necesario.<\/p><p>Para cumplir con los requisitos legales.<\/p><p>Para evitar fraudes o transacciones no autorizadas.<\/p><p>Para protegerte de posibles responsabilidades.<\/p><p>Para hacer cumplir nuestros t\u00e9rminos y condiciones y otros acuerdos.<\/p><p>\u00bfEsta informaci\u00f3n es compartida?<\/p><p>No vendemos, comerciamos, alquilamos, cedemos ni transferimos tu informaci\u00f3n personal a nadie sin tu previo consentimiento. Sin embargo, nos reservamos el derecho a publicar estad\u00edsticas agregadas sobre nuestra base de usuarios y datos demogr\u00e1ficos, que no podemos utilizar razonablemente para identificar a nadie.<\/p><p>\u00bfEn d\u00f3nde se almacena esta informaci\u00f3n?<\/p><p>Mantenemos tu informaci\u00f3n personal identificable en instalaciones seguras. Mantenemos medidas de seguridad f\u00edsicas, electr\u00f3nicas y de procedimiento para evitar la p\u00e9rdida, el uso indebido, la alteraci\u00f3n, la divulgaci\u00f3n, el acceso no autorizado o la destrucci\u00f3n de su informaci\u00f3n de identificaci\u00f3n personal.<\/p><p>\u00bfCu\u00e1les opciones tienes?<\/p><p>Puedes elegir si deseas o no recibir nuestras comunicaciones comerciales. Puede optar por no recibir determinados tipos de mensajes comerciales siguiendo las instrucciones de cada mensaje. Ten en cuenta que, aunque optes por no recibir material promocional, podemos seguir envi\u00e1ndote mensajes administrativos relacionados con tu cuenta (por ejemplo, para restablecer la contrase\u00f1a).<\/p><p>\u00bfPodemos actualizar esta pol\u00edtica de privacidad?<br \/>S\u00ed. Podemos modificar esta pol\u00edtica de privacidad de vez en cuando. Cualquier modificaci\u00f3n se aplicar\u00e1 \u00fanicamente a la informaci\u00f3n recopilada despu\u00e9s de la fecha de revisi\u00f3n. Por favor, revisa esta p\u00e1gina peri\u00f3dicamente para mantenerte informado sobre c\u00f3mo protegemos tu informaci\u00f3n.<\/p><p>Cont\u00e1ctanos<\/p><p>Para obtener m\u00e1s informaci\u00f3n sobre la Pol\u00edtica de Privacidad, si tienes preguntas o si deseas presentar una queja, comun\u00edcate con nosotros.<\/p><p>Correo Electr\u00f3nico: info@lditlimited.com<\/p><p>Direcci\u00f3n: RM A07, 1707-02 New Trend Centre, 704 Prince Edward Road East, San PO Kong KIN Hong Kong.<\/p>\t\t\t\t\t\t\t\t<\/div>\n\t\t\t\t<\/div>\n\t\t\t\t<div class=\"elementor-element elementor-element-888812f elementor-invisible elementor-widget elementor-widget-heading\" data-id=\"888812f\" data-element_type=\"widget\" data-e-type=\"widget\" data-settings=\"{&quot;_animation&quot;:&quot;fadeInRight&quot;}\" data-widget_type=\"heading.default\">\n\t\t\t\t<div class=\"elementor-widget-container\">\n\t\t\t\t\t<h2 class=\"elementor-heading-title elementor-size-default\"><a href=\"https:\/\/lditlimited.com\/es\/\">Ir a la p\u00e1gina de Inicio <\/a><\/h2>\t\t\t\t<\/div>\n\t\t\t\t<\/div>\n\t\t\t\t\t<\/div>\n\t\t<\/div>\n\t\t\t\t\t<\/div>\n\t\t<\/section>\n\t\t\t\t<\/div>","protected":false},"excerpt":{"rendered":"<p>\/*! elementor &#8211; v3.14.0 &#8211; 26-06-2023 *\/ .elementor-heading-title{padding:0;margin:0;line-height:1}.elementor-widget-heading .elementor-heading-title[class*=elementor-size-]&gt;a{color:inherit;font-size:inherit;line-height:inherit}.elementor-widget-heading .elementor-heading-title.elementor-size-small{font-size:15px}.elementor-widget-heading .elementor-heading-title.elementor-size-medium{font-size:19px}.elementor-widget-heading .elementor-heading-title.elementor-size-large{font-size:29px}.elementor-widget-heading .elementor-heading-title.elementor-size-xl{font-size:39px}.elementor-widget-heading .elementor-heading-title.elementor-size-xxl{font-size:59px} Privacy Policy HK LD Privacy Policy This policy describes the privacy practices of HK LD and its subsidiaries, affiliates, contractors, agents, service providers, consultants, business partners, customers, and other third parties with whom HK LD does business. This policy applies to [&hellip;]<\/p>\n","protected":false},"author":3,"featured_media":0,"parent":0,"menu_order":0,"comment_status":"closed","ping_status":"open","template":"","meta":{"footnotes":""},"class_list":["post-3","page","type-page","status-publish","hentry"],"_links":{"self":[{"href":"https:\/\/lditlimited.com\/es\/wp-json\/wp\/v2\/pages\/3","targetHints":{"allow":["GET"]}}],"collection":[{"href":"https:\/\/lditlimited.com\/es\/wp-json\/wp\/v2\/pages"}],"about":[{"href":"https:\/\/lditlimited.com\/es\/wp-json\/wp\/v2\/types\/page"}],"author":[{"embeddable":true,"href":"https:\/\/lditlimited.com\/es\/wp-json\/wp\/v2\/users\/3"}],"replies":[{"embeddable":true,"href":"https:\/\/lditlimited.com\/es\/wp-json\/wp\/v2\/comments?post=3"}],"version-history":[{"count":24,"href":"https:\/\/lditlimited.com\/es\/wp-json\/wp\/v2\/pages\/3\/revisions"}],"predecessor-version":[{"id":779,"href":"https:\/\/lditlimited.com\/es\/wp-json\/wp\/v2\/pages\/3\/revisions\/779"}],"wp:attachment":[{"href":"https:\/\/lditlimited.com\/es\/wp-json\/wp\/v2\/media?parent=3"}],"curies":[{"name":"wp","href":"https:\/\/api.w.org\/{rel}","templated":true}]}}