{"id":417,"date":"2023-06-23T01:19:08","date_gmt":"2023-06-23T01:19:08","guid":{"rendered":"https:\/\/lditlimited.com\/?page_id=417"},"modified":"2023-06-23T06:10:02","modified_gmt":"2023-06-23T06:10:02","slug":"business-program-1","status":"publish","type":"page","link":"https:\/\/lditlimited.com\/es\/programa-empresa-1\/","title":{"rendered":"Programa de negocios"},"content":{"rendered":"<div data-elementor-type=\"wp-page\" data-elementor-id=\"417\" class=\"elementor elementor-417\" data-elementor-post-type=\"page\">\n\t\t\t\t\t\t<section class=\"elementor-section elementor-top-section elementor-element elementor-element-d531533 elementor-section-boxed elementor-section-height-default elementor-section-height-default\" data-id=\"d531533\" data-element_type=\"section\" data-e-type=\"section\" data-settings=\"{&quot;background_background&quot;:&quot;classic&quot;}\">\n\t\t\t\t\t\t\t<div class=\"elementor-background-overlay\"><\/div>\n\t\t\t\t\t\t\t<div class=\"elementor-container elementor-column-gap-default\">\n\t\t\t\t\t<div class=\"elementor-column elementor-col-100 elementor-top-column elementor-element elementor-element-8a7ec3c\" data-id=\"8a7ec3c\" data-element_type=\"column\" data-e-type=\"column\">\n\t\t\t<div class=\"elementor-widget-wrap elementor-element-populated\">\n\t\t\t\t\t\t<section class=\"elementor-section elementor-inner-section elementor-element elementor-element-23df70f elementor-section-boxed elementor-section-height-default elementor-section-height-default\" data-id=\"23df70f\" data-element_type=\"section\" data-e-type=\"section\">\n\t\t\t\t\t\t<div class=\"elementor-container elementor-column-gap-default\">\n\t\t\t\t\t<div class=\"elementor-column elementor-col-100 elementor-inner-column elementor-element elementor-element-0711a35\" data-id=\"0711a35\" data-element_type=\"column\" data-e-type=\"column\">\n\t\t\t<div class=\"elementor-widget-wrap elementor-element-populated\">\n\t\t\t\t\t\t<div class=\"elementor-element elementor-element-37528e2 elementor-widget elementor-widget-heading\" data-id=\"37528e2\" data-element_type=\"widget\" data-e-type=\"widget\" data-widget_type=\"heading.default\">\n\t\t\t\t<div class=\"elementor-widget-container\">\n\t\t\t\t\t<h1 class=\"elementor-heading-title elementor-size-default\"> Programa de negocios<\/h1>\t\t\t\t<\/div>\n\t\t\t\t<\/div>\n\t\t\t\t\t<\/div>\n\t\t<\/div>\n\t\t\t\t\t<\/div>\n\t\t<\/section>\n\t\t\t\t\t<\/div>\n\t\t<\/div>\n\t\t\t\t\t<\/div>\n\t\t<\/section>\n\t\t\t\t<section class=\"elementor-section elementor-top-section elementor-element elementor-element-4b2f29c elementor-section-content-middle elementor-section-boxed elementor-section-height-default elementor-section-height-default\" data-id=\"4b2f29c\" data-element_type=\"section\" data-e-type=\"section\" data-settings=\"{&quot;background_background&quot;:&quot;classic&quot;}\">\n\t\t\t\t\t\t\t<div class=\"elementor-background-overlay\"><\/div>\n\t\t\t\t\t\t\t<div class=\"elementor-container elementor-column-gap-no\">\n\t\t\t\t\t<div class=\"elementor-column elementor-col-50 elementor-top-column elementor-element elementor-element-482674d\" data-id=\"482674d\" data-element_type=\"column\" data-e-type=\"column\">\n\t\t\t<div class=\"elementor-widget-wrap elementor-element-populated\">\n\t\t\t\t\t\t<div class=\"elementor-element elementor-element-e141ddc elementor-absolute elementor-widget elementor-widget-image\" data-id=\"e141ddc\" data-element_type=\"widget\" data-e-type=\"widget\" data-settings=\"{&quot;_position&quot;:&quot;absolute&quot;}\" data-widget_type=\"image.default\">\n\t\t\t\t<div class=\"elementor-widget-container\">\n\t\t\t\t\t\t\t\t\t\t\t\t\t\t\t<img fetchpriority=\"high\" decoding=\"async\" width=\"600\" height=\"598\" src=\"http:\/\/lditlimited.com\/wp-content\/uploads\/2023\/06\/380769766-02-8.png\" class=\"attachment-full size-full wp-image-23\" alt=\"\" srcset=\"http:\/\/lditlimited.com\/wp-content\/uploads\/2023\/06\/380769766-02-8.png 600w, http:\/\/lditlimited.com\/wp-content\/uploads\/2023\/06\/380769766-02-8-300x300.png 300w, http:\/\/lditlimited.com\/wp-content\/uploads\/2023\/06\/380769766-02-8-150x150.png 150w, http:\/\/lditlimited.com\/wp-content\/uploads\/2023\/06\/380769766-02-8-12x12.png 12w\" sizes=\"(max-width: 600px) 100vw, 600px\" \/>\t\t\t\t\t\t\t\t\t\t\t\t\t\t\t<\/div>\n\t\t\t\t<\/div>\n\t\t\t\t<div class=\"elementor-element elementor-element-f94320a elementor-widget elementor-widget-image\" data-id=\"f94320a\" data-element_type=\"widget\" data-e-type=\"widget\" data-settings=\"{&quot;_animation&quot;:&quot;none&quot;}\" data-widget_type=\"image.default\">\n\t\t\t\t<div class=\"elementor-widget-container\">\n\t\t\t\t\t\t\t\t\t\t\t\t\t\t\t<img decoding=\"async\" width=\"1000\" height=\"667\" src=\"http:\/\/lditlimited.com\/wp-content\/uploads\/2023\/06\/shutterstock_2166658943.jpg\" class=\"attachment-full size-full wp-image-442\" alt=\"\" srcset=\"http:\/\/lditlimited.com\/wp-content\/uploads\/2023\/06\/shutterstock_2166658943.jpg 1000w, http:\/\/lditlimited.com\/wp-content\/uploads\/2023\/06\/shutterstock_2166658943-300x200.jpg 300w, http:\/\/lditlimited.com\/wp-content\/uploads\/2023\/06\/shutterstock_2166658943-768x512.jpg 768w, http:\/\/lditlimited.com\/wp-content\/uploads\/2023\/06\/shutterstock_2166658943-18x12.jpg 18w\" sizes=\"(max-width: 1000px) 100vw, 1000px\" \/>\t\t\t\t\t\t\t\t\t\t\t\t\t\t\t<\/div>\n\t\t\t\t<\/div>\n\t\t\t\t\t<\/div>\n\t\t<\/div>\n\t\t\t\t<div class=\"elementor-column elementor-col-50 elementor-top-column elementor-element elementor-element-f8c7dfc\" data-id=\"f8c7dfc\" data-element_type=\"column\" data-e-type=\"column\">\n\t\t\t<div class=\"elementor-widget-wrap elementor-element-populated\">\n\t\t\t\t\t\t<div class=\"elementor-element elementor-element-56c8d0a elementor-invisible elementor-widget elementor-widget-heading\" data-id=\"56c8d0a\" data-element_type=\"widget\" data-e-type=\"widget\" data-settings=\"{&quot;_animation&quot;:&quot;fadeInRight&quot;}\" data-widget_type=\"heading.default\">\n\t\t\t\t<div class=\"elementor-widget-container\">\n\t\t\t\t\t<h2 class=\"elementor-heading-title elementor-size-default\">HK LD <\/h2>\t\t\t\t<\/div>\n\t\t\t\t<\/div>\n\t\t\t\t<div class=\"elementor-element elementor-element-ef565c8 elementor-invisible elementor-widget elementor-widget-heading\" data-id=\"ef565c8\" data-element_type=\"widget\" data-e-type=\"widget\" data-settings=\"{&quot;_animation&quot;:&quot;fadeInLeft&quot;}\" data-widget_type=\"heading.default\">\n\t\t\t\t<div class=\"elementor-widget-container\">\n\t\t\t\t\t<h2 class=\"elementor-heading-title elementor-size-default\"> Programa<\/h2>\t\t\t\t<\/div>\n\t\t\t\t<\/div>\n\t\t\t\t<div class=\"elementor-element elementor-element-e95e46a elementor-widget elementor-widget-text-editor\" data-id=\"e95e46a\" data-element_type=\"widget\" data-e-type=\"widget\" data-settings=\"{&quot;_animation&quot;:&quot;none&quot;}\" data-widget_type=\"text-editor.default\">\n\t\t\t\t<div class=\"elementor-widget-container\">\n\t\t\t\t\t\t\t\t\t<p>Todo lo que necesitas para empezar a vender Software Empresarial y Servicios a tus usuarios ya est\u00e1 preparado. <\/p><p>Solamente necesitas contactarnos para hacer que tu compa\u00f1\u00eda crezca a trav\u00e9s de nuestros Servicios y te acompa\u00f1aremos en el proceso. Los pasos para empezar a vender son simples.<\/p><p>Los pasos para empezar a vender son sencillos.<\/p><p>Personaliza tu sitio web, redirige los subdominios y define los precios de los productos para tus usuarios.<\/p><p>Una vez que todo haya sido configurado, vas a vincular los Servicios \ncon nuestro Programa.<\/p><p>Los Servicios y Productos est\u00e1n listos para que tus clientes los adquieran a trav\u00e9s de subscripciones mensuales.<\/p><p>Para obtener m\u00e1s informaci\u00f3n sobre nuestro Programa Empresarial, cont\u00e1ctanos.<\/p>\t\t\t\t\t\t\t\t<\/div>\n\t\t\t\t<\/div>\n\t\t\t\t<div class=\"elementor-element elementor-element-430bb53 elementor-mobile-align-center elementor-invisible elementor-widget elementor-widget-button\" data-id=\"430bb53\" data-element_type=\"widget\" data-e-type=\"widget\" data-settings=\"{&quot;_animation&quot;:&quot;fadeInLeft&quot;}\" data-widget_type=\"button.default\">\n\t\t\t\t<div class=\"elementor-widget-container\">\n\t\t\t\t\t\t\t\t\t<div class=\"elementor-button-wrapper\">\n\t\t\t\t\t<a class=\"elementor-button elementor-button-link elementor-size-sm\" href=\"https:\/\/lditlimited.com\/es\/contactanos\/\">\n\t\t\t\t\t\t<span class=\"elementor-button-content-wrapper\">\n\t\t\t\t\t\t\t\t\t<span class=\"elementor-button-text\">Contacto <\/span>\n\t\t\t\t\t<\/span>\n\t\t\t\t\t<\/a>\n\t\t\t\t<\/div>\n\t\t\t\t\t\t\t\t<\/div>\n\t\t\t\t<\/div>\n\t\t\t\t\t<\/div>\n\t\t<\/div>\n\t\t\t\t\t<\/div>\n\t\t<\/section>\n\t\t\t\t<\/div>","protected":false},"excerpt":{"rendered":"<p>Business Program HK LD Program We provide you with everything you need to start selling Business Software and a wide variety of Services to your users. We set everything in the right place for you to start. You only need to contact us to make your company grow through our services and we will accompany [&hellip;]<\/p>\n","protected":false},"author":3,"featured_media":0,"parent":0,"menu_order":0,"comment_status":"closed","ping_status":"closed","template":"","meta":{"footnotes":""},"class_list":["post-417","page","type-page","status-publish","hentry"],"_links":{"self":[{"href":"https:\/\/lditlimited.com\/es\/wp-json\/wp\/v2\/pages\/417","targetHints":{"allow":["GET"]}}],"collection":[{"href":"https:\/\/lditlimited.com\/es\/wp-json\/wp\/v2\/pages"}],"about":[{"href":"https:\/\/lditlimited.com\/es\/wp-json\/wp\/v2\/types\/page"}],"author":[{"embeddable":true,"href":"https:\/\/lditlimited.com\/es\/wp-json\/wp\/v2\/users\/3"}],"replies":[{"embeddable":true,"href":"https:\/\/lditlimited.com\/es\/wp-json\/wp\/v2\/comments?post=417"}],"version-history":[{"count":50,"href":"https:\/\/lditlimited.com\/es\/wp-json\/wp\/v2\/pages\/417\/revisions"}],"predecessor-version":[{"id":738,"href":"https:\/\/lditlimited.com\/es\/wp-json\/wp\/v2\/pages\/417\/revisions\/738"}],"wp:attachment":[{"href":"https:\/\/lditlimited.com\/es\/wp-json\/wp\/v2\/media?parent=417"}],"curies":[{"name":"wp","href":"https:\/\/api.w.org\/{rel}","templated":true}]}}